{"id":177,"date":"2022-08-24T15:46:12","date_gmt":"2022-08-24T12:46:12","guid":{"rendered":"https:\/\/durumcuemmi.com.tr\/?page_id=177"},"modified":"2022-08-28T12:03:18","modified_gmt":"2022-08-28T09:03:18","slug":"hakkimizda","status":"publish","type":"page","link":"https:\/\/durumcuemmi.com.tr\/index.php\/hakkimizda\/","title":{"rendered":"Hakk\u0131m\u0131zda"},"content":{"rendered":"<div class=\"\" style=\"\" >\n    \n    <section class=\"u-clearfix u-shading u-uploaded-video u-video u-section-2\" id=\"sec-6b6f\">\n      <div class=\"u-background-video u-expanded\" style=\"filter: brightness(0.6);\">\n        <div class=\"embed-responsive\">\n          <video class=\"embed-responsive-item\" data-autoplay=\"1\" loop=\"\" muted=\"1\" autoplay=\"autoplay\" playsinline=\"\">\n            <source src=\"https:\/\/durumcuemmi.com.tr\/wp-content\/uploads\/2022\/08\/outputcompressvideoonline.com1_.mp4\" type=\"video\/mp4\">\n            <p>Your browser does not support HTML5 video.<\/p>\n          <\/video>\n        <\/div>\n      <\/div>\n      <div class=\"u-clearfix u-sheet u-sheet-1\">\n        <h1 class=\"u-align-center u-custom-font u-text u-text-font u-text-1\">HAKKIMIZDA<\/h1>\n        <img decoding=\"async\" class=\"u-flip-horizontal u-flip-vertical u-image u-image-default u-preserve-proportions u-image-1\" src=\"https:\/\/durumcuemmi.com.tr\/wp-content\/uploads\/2022\/08\/Untitled19-2048x1365.png\" alt=\"\" data-image-width=\"5356\" data-image-height=\"3571\">\n        <h1 class=\"u-align-justify u-custom-font u-font-arial u-text u-text-2\">&nbsp;1974 y\u0131l\u0131nda Gaziantep Nizip'te kurulan \u015firketimiz, 1989 y\u0131l\u0131ndan itibaren \u0130stanbul'un \u00dcsk\u00fcdar semti ile ba\u015flayan ser\u00fcvenimiz Kad\u0131k\u00f6y'de devam etmektedir. 1999 y\u0131l\u0131nda Kad\u0131k\u00f6y'deki D\u00fcr\u00fcmc\u00fc Emmi'yi a\u00e7t\u0131k 1999 y\u0131l\u0131ndan beri tek \u015fube olarak D\u00fcr\u00fcmc\u00fc Emmi ile siz de\u011ferli misafirlerimizi a\u011f\u0131rlamaya devam ediyoruz.<br>\n        <\/h1>\n        <img decoding=\"async\" class=\"u-flip-horizontal u-flip-vertical u-image u-image-default u-preserve-proportions u-image-2\" src=\"https:\/\/durumcuemmi.com.tr\/wp-content\/uploads\/2022\/08\/IMG_1386.png\" alt=\"\" data-image-width=\"5356\" data-image-height=\"3571\">\n        <div class=\"u-rotation-parent u-rotation-parent-1\">\n          <img decoding=\"async\" class=\"u-flip-horizontal u-image u-image-default u-preserve-proportions u-rotate-180 u-image-3\" src=\"https:\/\/durumcuemmi.com.tr\/wp-content\/uploads\/2022\/08\/IMG_1386.png\" alt=\"\" data-image-width=\"5356\" data-image-height=\"3571\">\n        <\/div>\n      <\/div>\n    <\/section>\n    \n    \n  \n<\/div>","protected":false},"excerpt":{"rendered":"<p>Your browser does not support HTML5 video. HAKKIMIZDA &nbsp;1974 y\u0131l\u0131nda Gaziantep Nizip&#8217;te kurulan \u015firketimiz, 1989 y\u0131l\u0131ndan itibaren \u0130stanbul&#8217;un \u00dcsk\u00fcdar semti ile ba\u015flayan ser\u00fcvenimiz Kad\u0131k\u00f6y&#8217;de devam etmektedir. 1999 y\u0131l\u0131nda Kad\u0131k\u00f6y&#8217;deki D\u00fcr\u00fcmc\u00fc Emmi&#8217;yi a\u00e7t\u0131k 1999 y\u0131l\u0131ndan beri tek \u015fube olarak D\u00fcr\u00fcmc\u00fc Emmi ile siz de\u011ferli misafirlerimizi a\u011f\u0131rlamaya devam ediyoruz.<\/p>\n","protected":false},"author":1,"featured_media":0,"parent":0,"menu_order":0,"comment_status":"closed","ping_status":"closed","template":"","meta":{"_mi_skip_tracking":false,"_monsterinsights_sitenote_active":false,"_monsterinsights_sitenote_note":"","_monsterinsights_sitenote_category":0,"footnotes":""},"class_list":["post-177","page","type-page","status-publish","hentry"],"_links":{"self":[{"href":"https:\/\/durumcuemmi.com.tr\/index.php\/wp-json\/wp\/v2\/pages\/177","targetHints":{"allow":["GET"]}}],"collection":[{"href":"https:\/\/durumcuemmi.com.tr\/index.php\/wp-json\/wp\/v2\/pages"}],"about":[{"href":"https:\/\/durumcuemmi.com.tr\/index.php\/wp-json\/wp\/v2\/types\/page"}],"author":[{"embeddable":true,"href":"https:\/\/durumcuemmi.com.tr\/index.php\/wp-json\/wp\/v2\/users\/1"}],"replies":[{"embeddable":true,"href":"https:\/\/durumcuemmi.com.tr\/index.php\/wp-json\/wp\/v2\/comments?post=177"}],"version-history":[{"count":0,"href":"https:\/\/durumcuemmi.com.tr\/index.php\/wp-json\/wp\/v2\/pages\/177\/revisions"}],"wp:attachment":[{"href":"https:\/\/durumcuemmi.com.tr\/index.php\/wp-json\/wp\/v2\/media?parent=177"}],"curies":[{"name":"wp","href":"https:\/\/api.w.org\/{rel}","templated":true}]}}