{"id":280,"date":"2022-08-27T15:27:55","date_gmt":"2022-08-27T12:27:55","guid":{"rendered":"https:\/\/durumcuemmi.com.tr\/?page_id=280"},"modified":"2022-09-01T20:40:09","modified_gmt":"2022-09-01T17:40:09","slug":"sosyal-medya","status":"publish","type":"page","link":"https:\/\/durumcuemmi.com.tr\/index.php\/sosyal-medya\/","title":{"rendered":"Sosyal Medya"},"content":{"rendered":"<div class=\"\" style=\"\" >\n    \n    <section class=\"skrollable u-align-center u-clearfix u-image u-parallax u-shading u-section-2\" id=\"carousel_1f1d\" data-image-width=\"2560\" data-image-height=\"1920\" style=\"background-image: linear-gradient(0deg, rgba(0, 0, 0, 0.4), rgba(0, 0, 0, 0.4)), url(&quot;https:\/\/durumcuemmi.com.tr\/wp-content\/uploads\/2022\/08\/IMG_2698-2048x1536.jpeg&quot;);\">\n      <div class=\"u-clearfix u-sheet u-sheet-1\">\n        <div class=\"u-black u-shape u-shape-rectangle u-shape-1\"><\/div>\n        <div class=\"u-clearfix u-gutter-0 u-layout-wrap u-layout-wrap-1\">\n          <div class=\"u-layout\" style=\"\">\n            <div class=\"u-layout-row\" style=\"\">\n              <div class=\"u-align-left u-container-style u-layout-cell u-left-cell u-size-30 u-size-xs-60 u-video u-video-cover u-video-1\" src=\"\">\n                <div class=\"u-background-video\" style=\"\">\n                  <div class=\"embed-responsive embed-responsive-1\">\n                    <iframe style=\"position: absolute;top: 0;left: 0;width: 100%;height: 100%;\" class=\"embed-responsive-item\" src=\"https:\/\/www.youtube.com\/embed\/dmV0zvw5cVE?playlist=dmV0zvw5cVE&amp;loop=1&amp;mute=1&amp;showinfo=0&amp;controls=0&amp;start=0&amp;autoplay=1\" data-autoplay=\"1\" frameborder=\"0\" allowfullscreen=\"\"><\/iframe>\n                  <\/div>\n                <\/div>\n                <div class=\"u-container-layout u-container-layout-1\" src=\"\"><\/div>\n              <\/div>\n              <div class=\"u-align-left u-black u-container-style u-layout-cell u-right-cell u-size-30 u-size-xs-60 u-layout-cell-2\">\n                <div class=\"u-container-layout u-container-layout-2\">\n                  <h2 class=\"u-align-center u-custom-font u-text u-text-font u-text-1\">SUAT DURMU\u015e<\/h2>\n                  <a href=\"https:\/\/youtu.be\/dmV0zvw5cVE\" class=\"u-align-center u-border-2 u-border-white u-btn u-btn-rectangle u-button-style u-none u-btn-1\" target=\"_blank\">\u0130zle<\/a>\n                  <img decoding=\"async\" class=\"u-image u-image-default u-image-1\" src=\"https:\/\/durumcuemmi.com.tr\/wp-content\/uploads\/2022\/08\/logo-twitter-png-5859.png\" alt=\"\" data-image-width=\"512\" data-image-height=\"512\" data-animation-name=\"customAnimationIn\" data-animation-duration=\"2000\" data-animation-direction=\"\" data-href=\"https:\/\/mobile.twitter.com\/durumcuemmi\/\" data-target=\"_blank\">\n                <\/div>\n              <\/div>\n            <\/div>\n          <\/div>\n        <\/div>\n        <div class=\"u-clearfix u-gutter-0 u-layout-wrap u-layout-wrap-2\">\n          <div class=\"u-layout\" style=\"\">\n            <div class=\"u-layout-row\" style=\"\">\n              <div class=\"u-align-left u-container-style u-layout-cell u-left-cell u-size-30 u-size-xs-60 u-video u-video-cover u-video-2\" src=\"\">\n                <div class=\"u-background-video\" style=\"\">\n                  <div class=\"embed-responsive embed-responsive-2\">\n                    <iframe style=\"position: absolute;top: 0;left: 0;width: 100%;height: 100%;\" class=\"embed-responsive-item\" src=\"https:\/\/www.youtube.com\/embed\/Xjd7HwpFr3Q?playlist=Xjd7HwpFr3Q&amp;loop=1&amp;mute=1&amp;showinfo=0&amp;controls=0&amp;start=0&amp;autoplay=1\" data-autoplay=\"1\" frameborder=\"0\" allowfullscreen=\"\"><\/iframe>\n                  <\/div>\n                <\/div>\n                <div class=\"u-container-layout u-container-layout-3\" src=\"\"><\/div>\n              <\/div>\n              <div class=\"u-align-left u-black u-container-style u-layout-cell u-right-cell u-size-30 u-size-xs-60 u-layout-cell-4\">\n                <div class=\"u-container-layout u-container-layout-4\">\n                  <h2 class=\"u-align-center u-custom-font u-text u-text-font u-text-2\">ORKUN I\u015eITMAK<\/h2>\n                  <img decoding=\"async\" class=\"u-image u-image-default u-preserve-proportions u-image-2\" src=\"https:\/\/durumcuemmi.com.tr\/wp-content\/uploads\/2022\/08\/logo-facebookpng-32204.png\" alt=\"\" data-image-width=\"1024\" data-image-height=\"1024\" data-animation-name=\"customAnimationIn\" data-animation-duration=\"2000\" data-animation-direction=\"\" data-href=\"https:\/\/www.facebook.com\/DurumcuEmmi\" data-target=\"_blank\">\n                  <a href=\"https:\/\/youtu.be\/Xjd7HwpFr3Q?t=356\" class=\"u-align-center u-border-2 u-border-white u-btn u-btn-rectangle u-button-style u-none u-btn-2\">\u0130zle<\/a>\n                <\/div>\n              <\/div>\n            <\/div>\n          <\/div>\n        <\/div>\n        <div class=\"u-clearfix u-gutter-0 u-layout-wrap u-layout-wrap-3\">\n          <div class=\"u-layout\" style=\"\">\n            <div class=\"u-layout-row\" style=\"\">\n              <div class=\"u-align-left u-black u-container-style u-layout-cell u-left-cell u-size-30 u-size-xs-60 u-video-cover u-layout-cell-5\" src=\"\">\n                <div class=\"u-container-layout u-container-layout-5\">\n                  <h2 class=\"u-align-center u-custom-font u-text u-text-default u-text-font u-text-3\">\u0130D\u0130L YAZAR<\/h2>\n                  <a href=\"https:\/\/youtu.be\/8Z5xtfr7gEA\" class=\"u-align-center u-border-2 u-border-white u-btn u-btn-rectangle u-button-style u-none u-btn-3\">\u0130zle<\/a>\n                <\/div>\n              <\/div>\n              <div class=\"u-align-left u-container-style u-layout-cell u-right-cell u-size-30 u-size-xs-60 u-video u-video-3\">\n                <div class=\"u-background-video u-expanded\" style=\"\">\n                  <div class=\"embed-responsive embed-responsive-3\">\n                    <iframe style=\"position: absolute;top: 0;left: 0;width: 100%;height: 100%;\" class=\"embed-responsive-item\" src=\"https:\/\/www.youtube.com\/embed\/8Z5xtfr7gEA?playlist=8Z5xtfr7gEA&amp;loop=1&amp;mute=1&amp;showinfo=0&amp;controls=0&amp;start=0&amp;autoplay=1\" data-autoplay=\"1\" frameborder=\"0\" allowfullscreen=\"\"><\/iframe>\n                  <\/div>\n                <\/div>\n                <div class=\"u-container-layout u-container-layout-6\" src=\"\"><\/div>\n              <\/div>\n            <\/div>\n          <\/div>\n        <\/div>\n        <a href=\"https:\/\/www.instagram.com\/tv\/B-4Qdz1gdOU\/\" class=\"u-border-4 u-border-custom-color-7 u-btn u-button-style u-text-hover-custom-color-7 u-text-white u-btn-4\" target=\"_blank\">Devam\u0131n\u0131 \u0130zle&nbsp;<span class=\"u-icon u-text-custom-color-7\"><svg class=\"u-svg-content\" viewBox=\"0 -32 426.66667 426\" style=\"width: 1em; height: 1em;\"><path d=\"m213.332031 181.667969c0 4.265625-1.277343 8.53125-3.625 11.730469l-106.667969 160c-3.839843 5.761718-10.238281 9.601562-17.707031 9.601562h-64c-11.730469 0-21.332031-9.601562-21.332031-21.332031 0-4.269531 1.28125-8.535157 3.625-11.734375l98.773438-148.265625-98.773438-148.269531c-2.34375-3.199219-3.625-7.464844-3.625-11.730469 0-11.734375 9.601562-21.335938 21.332031-21.335938h64c7.46875 0 13.867188 3.839844 17.707031 9.601563l106.667969 160c2.347657 3.199218 3.625 7.464844 3.625 11.734375zm0 0\"><\/path><path d=\"m426.667969 181.667969c0 4.265625-1.28125 8.53125-3.628907 11.730469l-106.664062 160c-3.839844 5.761718-10.242188 9.601562-17.707031 9.601562h-64c-11.734375 0-21.335938-9.601562-21.335938-21.332031 0-4.269531 1.28125-8.535157 3.628907-11.734375l98.773437-148.265625-98.773437-148.269531c-2.347657-3.199219-3.628907-7.464844-3.628907-11.730469 0-11.734375 9.601563-21.335938 21.335938-21.335938h64c7.464843 0 13.867187 3.839844 17.707031 9.601563l106.664062 160c2.347657 3.199218 3.628907 7.464844 3.628907 11.734375zm0 0\"><\/path><\/svg><img><\/span>\n        <\/a>\n        <h2 class=\"u-align-center u-custom-font u-text u-text-font u-text-4\">SEN ANLAT&nbsp;<br>\u0130STANBUL\n        <\/h2>\n        <img decoding=\"async\" class=\"u-image u-image-round u-image-3\" src=\"https:\/\/durumcuemmi.com.tr\/wp-content\/uploads\/2022\/08\/tik-tok-logo-33084.png\" alt=\"\" data-image-width=\"313\" data-image-height=\"353\" data-animation-name=\"customAnimationIn\" data-animation-duration=\"2000\" data-animation-direction=\"\" data-href=\"https:\/\/www.tiktok.com\/@durumcuemmi\" data-target=\"_blank\">\n        <img decoding=\"async\" class=\"u-image u-image-default u-image-4\" src=\"https:\/\/durumcuemmi.com.tr\/wp-content\/uploads\/2022\/08\/kisspng-google-logo-brand-instagram-5ab6f4d915a620.2415440715219396730887.png\" alt=\"\" data-image-width=\"1920\" data-image-height=\"1440\" data-animation-name=\"customAnimationIn\" data-animation-duration=\"2000\" data-animation-direction=\"\" data-href=\"https:\/\/www.instagram.com\/durumcuemmi\/\" data-target=\"_blank\">\n        <img decoding=\"async\" class=\"u-image u-image-default u-preserve-proportions u-image-5\" src=\"https:\/\/durumcuemmi.com.tr\/wp-content\/uploads\/2022\/08\/logo-facebookpng-32204.png\" alt=\"\" data-image-width=\"1024\" data-image-height=\"1024\" data-animation-name=\"customAnimationIn\" data-animation-duration=\"2000\" data-animation-direction=\"\" data-href=\"https:\/\/www.facebook.com\/DurumcuEmmi\" data-target=\"_blank\">\n        <img decoding=\"async\" class=\"u-image u-image-round u-image-6\" src=\"https:\/\/durumcuemmi.com.tr\/wp-content\/uploads\/2022\/08\/tik-tok-logo-33084.png\" alt=\"\" data-image-width=\"313\" data-image-height=\"353\" data-animation-name=\"customAnimationIn\" data-animation-duration=\"2000\" data-animation-direction=\"\" data-href=\"https:\/\/www.tiktok.com\/@durumcuemmi\" data-target=\"_blank\">\n        <img decoding=\"async\" class=\"u-image u-image-default u-preserve-proportions u-image-7\" src=\"https:\/\/durumcuemmi.com.tr\/wp-content\/uploads\/2022\/08\/youtube-logo-png-2067.png\" alt=\"\" data-image-width=\"1023\" data-image-height=\"719\" data-animation-name=\"customAnimationIn\" data-animation-duration=\"2000\" data-animation-direction=\"\">\n        <img decoding=\"async\" class=\"u-image u-image-default u-image-8\" src=\"https:\/\/durumcuemmi.com.tr\/wp-content\/uploads\/2022\/08\/kisspng-google-logo-brand-instagram-5ab6f4d915a620.2415440715219396730887.png\" alt=\"\" data-image-width=\"1920\" data-image-height=\"1440\" data-animation-name=\"customAnimationIn\" data-animation-duration=\"2000\" data-animation-direction=\"\" data-href=\"https:\/\/www.instagram.com\/durumcuemmi\/\" data-target=\"_blank\">\n        <div class=\"u-clearfix u-gutter-0 u-layout-wrap u-layout-wrap-4\">\n          <div class=\"u-layout\" style=\"\">\n            <div class=\"u-layout-row\" style=\"\">\n              <div class=\"u-align-left u-container-style u-layout-cell u-left-cell u-size-30 u-size-xs-60 u-video u-video-cover u-video-4\" src=\"\">\n                <div class=\"u-background-video u-expanded\" style=\"\">\n                  <div class=\"embed-responsive embed-responsive-4\">\n                    <iframe style=\"position: absolute;top: 0;left: 0;width: 100%;height: 100%;\" class=\"embed-responsive-item\" src=\"https:\/\/www.youtube.com\/embed\/BqS1p_tWW6c?playlist=BqS1p_tWW6c&amp;loop=1&amp;mute=1&amp;showinfo=0&amp;controls=0&amp;start=0&amp;autoplay=1\" data-autoplay=\"1\" frameborder=\"0\" allowfullscreen=\"\"><\/iframe>\n                  <\/div>\n                <\/div>\n                <div class=\"u-container-layout u-container-layout-7\" src=\"\"><\/div>\n              <\/div>\n              <div class=\"u-align-left u-black u-container-style u-layout-cell u-right-cell u-size-30 u-size-xs-60 u-layout-cell-8\">\n                <div class=\"u-container-layout u-container-layout-8\">\n                  <img decoding=\"async\" class=\"u-image u-image-default u-preserve-proportions u-image-9\" src=\"https:\/\/durumcuemmi.com.tr\/wp-content\/uploads\/2022\/08\/youtube-logo-png-2067.png\" alt=\"\" data-image-width=\"1023\" data-image-height=\"719\" data-animation-name=\"customAnimationIn\" data-animation-duration=\"2000\" data-animation-direction=\"\">\n                  <h2 class=\"u-align-center u-custom-font u-text u-text-font u-text-5\">AYHAN MORTEPE<\/h2>\n                  <a href=\"https:\/\/youtu.be\/BqS1p_tWW6c\" class=\"u-align-center u-border-2 u-border-white u-btn u-btn-rectangle u-button-style u-none u-btn-5\">\u0130zle<\/a>\n                <\/div>\n              <\/div>\n            <\/div>\n          <\/div>\n        <\/div>\n        <div class=\"u-shading u-uploaded-video u-video u-video-cover u-video-5\">\n          <div class=\"embed-responsive\">\n            <video class=\"embed-responsive-item\" loop=\"\">\n              <source src=\"https:\/\/durumcuemmi.com.tr\/wp-content\/uploads\/2022\/08\/sen_anlat_istanbul.mp4\" type=\"video\/mp4\">\n              <p>Your browser does not support HTML5 video.<\/p>\n            <\/video>\n            <button class=\"u-video-poster\"><\/button>\n          <\/div>\n        <\/div>\n      <\/div>\n    <\/section>\n    \n    \n  \n<\/div>","protected":false},"excerpt":{"rendered":"<p>SUAT DURMU\u015e \u0130zle ORKUN I\u015eITMAK \u0130zle \u0130D\u0130L YAZAR \u0130zle Devam\u0131n\u0131 \u0130zle&nbsp; SEN ANLAT&nbsp;\u0130STANBUL AYHAN MORTEPE \u0130zle Your browser does not support HTML5 video.<\/p>\n","protected":false},"author":1,"featured_media":0,"parent":0,"menu_order":0,"comment_status":"closed","ping_status":"closed","template":"","meta":{"_mi_skip_tracking":false,"_monsterinsights_sitenote_active":false,"_monsterinsights_sitenote_note":"","_monsterinsights_sitenote_category":0,"footnotes":""},"class_list":["post-280","page","type-page","status-publish","hentry"],"_links":{"self":[{"href":"https:\/\/durumcuemmi.com.tr\/index.php\/wp-json\/wp\/v2\/pages\/280","targetHints":{"allow":["GET"]}}],"collection":[{"href":"https:\/\/durumcuemmi.com.tr\/index.php\/wp-json\/wp\/v2\/pages"}],"about":[{"href":"https:\/\/durumcuemmi.com.tr\/index.php\/wp-json\/wp\/v2\/types\/page"}],"author":[{"embeddable":true,"href":"https:\/\/durumcuemmi.com.tr\/index.php\/wp-json\/wp\/v2\/users\/1"}],"replies":[{"embeddable":true,"href":"https:\/\/durumcuemmi.com.tr\/index.php\/wp-json\/wp\/v2\/comments?post=280"}],"version-history":[{"count":2,"href":"https:\/\/durumcuemmi.com.tr\/index.php\/wp-json\/wp\/v2\/pages\/280\/revisions"}],"predecessor-version":[{"id":664,"href":"https:\/\/durumcuemmi.com.tr\/index.php\/wp-json\/wp\/v2\/pages\/280\/revisions\/664"}],"wp:attachment":[{"href":"https:\/\/durumcuemmi.com.tr\/index.php\/wp-json\/wp\/v2\/media?parent=280"}],"curies":[{"name":"wp","href":"https:\/\/api.w.org\/{rel}","templated":true}]}}