{"id":33,"date":"2022-08-12T20:53:13","date_gmt":"2022-08-12T17:53:13","guid":{"rendered":"https:\/\/durumcuemmi.com.tr\/?page_id=33"},"modified":"2022-09-01T23:56:19","modified_gmt":"2022-09-01T20:56:19","slug":"durumcu-emmi","status":"publish","type":"page","link":"https:\/\/durumcuemmi.com.tr\/index.php\/durumcu-emmi\/","title":{"rendered":"D\u00fcr\u00fcmc\u00fc Emmi"},"content":{"rendered":"<div class=\"\" style=\"\" >\n    \n    <section class=\"u-clearfix u-image u-shading u-uploaded-video u-section-2\" id=\"sec-894a\" data-image-width=\"2560\" data-image-height=\"1920\" style=\"background-image: linear-gradient(0deg, rgba(0, 0, 0, 0.8), rgba(0, 0, 0, 0.8)), url(&quot;https:\/\/durumcuemmi.com.tr\/wp-content\/uploads\/2022\/08\/IMG_2643-2048x1536.jpeg&quot;);\">\n      <div class=\"u-clearfix u-sheet u-sheet-1\">\n        <h1 class=\"u-align-center u-custom-font u-font-montserrat u-text u-text-default u-text-1\">\u00c7OK YAKINDA YEN\u0130DEN S\u0130ZLERLEY\u0130Z<\/h1>\n      <\/div>\n    <\/section>\n    \n    \n  \n<\/div>","protected":false},"excerpt":{"rendered":"<p>\u00c7OK YAKINDA YEN\u0130DEN S\u0130ZLERLEY\u0130Z<\/p>\n","protected":false},"author":1,"featured_media":0,"parent":0,"menu_order":0,"comment_status":"closed","ping_status":"closed","template":"","meta":{"_mi_skip_tracking":false,"_monsterinsights_sitenote_active":false,"_monsterinsights_sitenote_note":"","_monsterinsights_sitenote_category":0,"footnotes":""},"class_list":["post-33","page","type-page","status-publish","hentry"],"_links":{"self":[{"href":"https:\/\/durumcuemmi.com.tr\/index.php\/wp-json\/wp\/v2\/pages\/33","targetHints":{"allow":["GET"]}}],"collection":[{"href":"https:\/\/durumcuemmi.com.tr\/index.php\/wp-json\/wp\/v2\/pages"}],"about":[{"href":"https:\/\/durumcuemmi.com.tr\/index.php\/wp-json\/wp\/v2\/types\/page"}],"author":[{"embeddable":true,"href":"https:\/\/durumcuemmi.com.tr\/index.php\/wp-json\/wp\/v2\/users\/1"}],"replies":[{"embeddable":true,"href":"https:\/\/durumcuemmi.com.tr\/index.php\/wp-json\/wp\/v2\/comments?post=33"}],"version-history":[{"count":1,"href":"https:\/\/durumcuemmi.com.tr\/index.php\/wp-json\/wp\/v2\/pages\/33\/revisions"}],"predecessor-version":[{"id":677,"href":"https:\/\/durumcuemmi.com.tr\/index.php\/wp-json\/wp\/v2\/pages\/33\/revisions\/677"}],"wp:attachment":[{"href":"https:\/\/durumcuemmi.com.tr\/index.php\/wp-json\/wp\/v2\/media?parent=33"}],"curies":[{"name":"wp","href":"https:\/\/api.w.org\/{rel}","templated":true}]}}